{"id":238,"date":"2014-03-10T11:43:19","date_gmt":"2014-03-10T10:43:19","guid":{"rendered":"http:\/\/lagenda.stgng.com\/?page_id=5"},"modified":"2024-04-16T14:31:46","modified_gmt":"2024-04-16T13:31:46","slug":"cathedrale-de-frejus","status":"publish","type":"page","link":"https:\/\/agenda.frejustoulon.fr\/cathedralefrejus\/","title":{"rendered":"Cath\u00e9drale de Fr\u00e9jus"},"content":{"rendered":"<h2>Bienvenue sur l\u2019agenda de la paroisse de la Cath\u00e9drale Saint-L\u00e9once de Fr\u00e9jus.<br \/>\nRetrouvez tous les \u00e9v\u00e9nements qui rythment la vie de\u00a0notre \u00e9glise.<\/h2>\n","protected":false},"excerpt":{"rendered":"<p>Bienvenue sur l\u2019agenda de la paroisse de la Cath\u00e9drale Saint-L\u00e9once de Fr\u00e9jus. Retrouvez tous les \u00e9v\u00e9nements qui rythment la vie de\u00a0notre \u00e9glise.<\/p>\n","protected":false},"author":2,"featured_media":2235,"parent":0,"menu_order":0,"comment_status":"closed","ping_status":"closed","template":"template\/template-home.php","meta":{"_acf_changed":false,"_seopress_robots_primary_cat":"","_seopress_titles_title":"","_seopress_titles_desc":"","_seopress_robots_index":"","inline_featured_image":false,"footnotes":""},"class_list":["post-238","page","type-page","status-publish","has-post-thumbnail","hentry"],"acf":[],"_links":{"self":[{"href":"https:\/\/agenda.frejustoulon.fr\/cathedralefrejus\/wp-json\/wp\/v2\/pages\/238","targetHints":{"allow":["GET"]}}],"collection":[{"href":"https:\/\/agenda.frejustoulon.fr\/cathedralefrejus\/wp-json\/wp\/v2\/pages"}],"about":[{"href":"https:\/\/agenda.frejustoulon.fr\/cathedralefrejus\/wp-json\/wp\/v2\/types\/page"}],"author":[{"embeddable":true,"href":"https:\/\/agenda.frejustoulon.fr\/cathedralefrejus\/wp-json\/wp\/v2\/users\/2"}],"replies":[{"embeddable":true,"href":"https:\/\/agenda.frejustoulon.fr\/cathedralefrejus\/wp-json\/wp\/v2\/comments?post=238"}],"version-history":[{"count":1,"href":"https:\/\/agenda.frejustoulon.fr\/cathedralefrejus\/wp-json\/wp\/v2\/pages\/238\/revisions"}],"predecessor-version":[{"id":2236,"href":"https:\/\/agenda.frejustoulon.fr\/cathedralefrejus\/wp-json\/wp\/v2\/pages\/238\/revisions\/2236"}],"wp:featuredmedia":[{"embeddable":true,"href":"https:\/\/agenda.frejustoulon.fr\/cathedralefrejus\/wp-json\/wp\/v2\/media\/2235"}],"wp:attachment":[{"href":"https:\/\/agenda.frejustoulon.fr\/cathedralefrejus\/wp-json\/wp\/v2\/media?parent=238"}],"curies":[{"name":"wp","href":"https:\/\/api.w.org\/{rel}","templated":true}]}}