{"id":238,"date":"2014-03-10T11:43:19","date_gmt":"2014-03-10T10:43:19","guid":{"rendered":"http:\/\/lagenda.stgng.com\/?page_id=5"},"modified":"2024-04-16T15:25:32","modified_gmt":"2024-04-16T14:25:32","slug":"agenda","status":"publish","type":"page","link":"https:\/\/agenda.frejustoulon.fr\/etudiants-jeunespros\/","title":{"rendered":"Pastorale des \u00e9tudiants et jeunes pros"},"content":{"rendered":"<h2>Bienvenue sur l\u2019agenda des \u00e9tudiants et jeunes pros.<br \/>\nRetrouvez-y tous les \u00e9v\u00e9nements qui rythment la vie de notre pastorale.<\/h2>\n","protected":false},"excerpt":{"rendered":"<p>Bienvenue sur l\u2019agenda des \u00e9tudiants et jeunes pros. Retrouvez-y tous les \u00e9v\u00e9nements qui rythment la vie de notre pastorale.<\/p>\n","protected":false},"author":2,"featured_media":2132,"parent":0,"menu_order":0,"comment_status":"closed","ping_status":"closed","template":"template\/template-home.php","meta":{"_acf_changed":false,"_seopress_robots_primary_cat":"","_seopress_titles_title":"","_seopress_titles_desc":"Tous les \u00e9v\u00e9nements de la pastorale des \u00e9tudiants et jeunes pros","_seopress_robots_index":"","inline_featured_image":false,"footnotes":""},"class_list":["post-238","page","type-page","status-publish","has-post-thumbnail","hentry"],"acf":[],"_links":{"self":[{"href":"https:\/\/agenda.frejustoulon.fr\/etudiants-jeunespros\/wp-json\/wp\/v2\/pages\/238","targetHints":{"allow":["GET"]}}],"collection":[{"href":"https:\/\/agenda.frejustoulon.fr\/etudiants-jeunespros\/wp-json\/wp\/v2\/pages"}],"about":[{"href":"https:\/\/agenda.frejustoulon.fr\/etudiants-jeunespros\/wp-json\/wp\/v2\/types\/page"}],"author":[{"embeddable":true,"href":"https:\/\/agenda.frejustoulon.fr\/etudiants-jeunespros\/wp-json\/wp\/v2\/users\/2"}],"replies":[{"embeddable":true,"href":"https:\/\/agenda.frejustoulon.fr\/etudiants-jeunespros\/wp-json\/wp\/v2\/comments?post=238"}],"version-history":[{"count":3,"href":"https:\/\/agenda.frejustoulon.fr\/etudiants-jeunespros\/wp-json\/wp\/v2\/pages\/238\/revisions"}],"predecessor-version":[{"id":2023,"href":"https:\/\/agenda.frejustoulon.fr\/etudiants-jeunespros\/wp-json\/wp\/v2\/pages\/238\/revisions\/2023"}],"wp:featuredmedia":[{"embeddable":true,"href":"https:\/\/agenda.frejustoulon.fr\/etudiants-jeunespros\/wp-json\/wp\/v2\/media\/2132"}],"wp:attachment":[{"href":"https:\/\/agenda.frejustoulon.fr\/etudiants-jeunespros\/wp-json\/wp\/v2\/media?parent=238"}],"curies":[{"name":"wp","href":"https:\/\/api.w.org\/{rel}","templated":true}]}}