{"id":238,"date":"2014-03-10T11:43:19","date_gmt":"2014-03-10T10:43:19","guid":{"rendered":"http:\/\/lagenda.stgng.com\/?page_id=5"},"modified":"2025-02-18T09:25:48","modified_gmt":"2025-02-18T08:25:48","slug":"agenda-de-leveque","status":"publish","type":"page","link":"https:\/\/agenda.frejustoulon.fr\/eveque\/","title":{"rendered":"Agenda de l&rsquo;\u00e9v\u00eaque"},"content":{"rendered":"\n\n\t<h2>Bienvenue sur l&rsquo;agenda de Monseigneur Fran\u00e7ois Touvet.<br \/>\nRetrouvez tous les \u00e9v\u00e9nements qui rythment la vie du dioc\u00e8se et de notre \u00e9v\u00eaque.<\/h2>\n\n","protected":false},"excerpt":{"rendered":"<p>Bienvenue sur l&rsquo;agenda de Monseigneur Fran\u00e7ois Touvet. Retrouvez tous les \u00e9v\u00e9nements qui rythment la vie du dioc\u00e8se et de notre \u00e9v\u00eaque.<\/p>\n","protected":false},"author":2,"featured_media":5204,"parent":0,"menu_order":0,"comment_status":"closed","ping_status":"closed","template":"template\/template-home.php","meta":{"_acf_changed":false,"_seopress_robots_primary_cat":"","_seopress_titles_title":"","_seopress_titles_desc":"","_seopress_robots_index":"","inline_featured_image":false,"footnotes":""},"class_list":["post-238","page","type-page","status-publish","has-post-thumbnail","hentry"],"acf":[],"_links":{"self":[{"href":"https:\/\/agenda.frejustoulon.fr\/eveque\/wp-json\/wp\/v2\/pages\/238","targetHints":{"allow":["GET"]}}],"collection":[{"href":"https:\/\/agenda.frejustoulon.fr\/eveque\/wp-json\/wp\/v2\/pages"}],"about":[{"href":"https:\/\/agenda.frejustoulon.fr\/eveque\/wp-json\/wp\/v2\/types\/page"}],"author":[{"embeddable":true,"href":"https:\/\/agenda.frejustoulon.fr\/eveque\/wp-json\/wp\/v2\/users\/2"}],"replies":[{"embeddable":true,"href":"https:\/\/agenda.frejustoulon.fr\/eveque\/wp-json\/wp\/v2\/comments?post=238"}],"version-history":[{"count":8,"href":"https:\/\/agenda.frejustoulon.fr\/eveque\/wp-json\/wp\/v2\/pages\/238\/revisions"}],"predecessor-version":[{"id":5272,"href":"https:\/\/agenda.frejustoulon.fr\/eveque\/wp-json\/wp\/v2\/pages\/238\/revisions\/5272"}],"wp:featuredmedia":[{"embeddable":true,"href":"https:\/\/agenda.frejustoulon.fr\/eveque\/wp-json\/wp\/v2\/media\/5204"}],"wp:attachment":[{"href":"https:\/\/agenda.frejustoulon.fr\/eveque\/wp-json\/wp\/v2\/media?parent=238"}],"curies":[{"name":"wp","href":"https:\/\/api.w.org\/{rel}","templated":true}]}}