{"id":238,"date":"2014-03-10T11:43:19","date_gmt":"2014-03-10T10:43:19","guid":{"rendered":"http:\/\/lagenda.stgng.com\/?page_id=5"},"modified":"2024-04-16T14:49:03","modified_gmt":"2024-04-16T13:49:03","slug":"agenda-autres-organisateurs","status":"publish","type":"page","link":"https:\/\/agenda.frejustoulon.fr\/organisateurs\/","title":{"rendered":"Agenda des autres organisateurs du dioc\u00e8se"},"content":{"rendered":"","protected":false},"excerpt":{"rendered":"","protected":false},"author":2,"featured_media":7346,"parent":0,"menu_order":0,"comment_status":"closed","ping_status":"closed","template":"template\/template-home.php","meta":{"_acf_changed":false,"_seopress_robots_primary_cat":"","_seopress_titles_title":"Agenda des autres organisateurs du dioc\u00e8se de Fr\u00e9jus-Toulon","_seopress_titles_desc":"L'agenda est un outil simple et puissant pour faire une recherche parmi tous les \u00e9v\u00e9nements en cours et \u00e0 venir des autres organisateurs du dioc\u00e8se.","_seopress_robots_index":"","_seopress_analysis_target_kw":"","inline_featured_image":false,"footnotes":""},"class_list":["post-238","page","type-page","status-publish","has-post-thumbnail","hentry"],"acf":[],"_links":{"self":[{"href":"https:\/\/agenda.frejustoulon.fr\/organisateurs\/wp-json\/wp\/v2\/pages\/238","targetHints":{"allow":["GET"]}}],"collection":[{"href":"https:\/\/agenda.frejustoulon.fr\/organisateurs\/wp-json\/wp\/v2\/pages"}],"about":[{"href":"https:\/\/agenda.frejustoulon.fr\/organisateurs\/wp-json\/wp\/v2\/types\/page"}],"author":[{"embeddable":true,"href":"https:\/\/agenda.frejustoulon.fr\/organisateurs\/wp-json\/wp\/v2\/users\/2"}],"replies":[{"embeddable":true,"href":"https:\/\/agenda.frejustoulon.fr\/organisateurs\/wp-json\/wp\/v2\/comments?post=238"}],"version-history":[{"count":1,"href":"https:\/\/agenda.frejustoulon.fr\/organisateurs\/wp-json\/wp\/v2\/pages\/238\/revisions"}],"predecessor-version":[{"id":7347,"href":"https:\/\/agenda.frejustoulon.fr\/organisateurs\/wp-json\/wp\/v2\/pages\/238\/revisions\/7347"}],"wp:featuredmedia":[{"embeddable":true,"href":"https:\/\/agenda.frejustoulon.fr\/organisateurs\/wp-json\/wp\/v2\/media\/7346"}],"wp:attachment":[{"href":"https:\/\/agenda.frejustoulon.fr\/organisateurs\/wp-json\/wp\/v2\/media?parent=238"}],"curies":[{"name":"wp","href":"https:\/\/api.w.org\/{rel}","templated":true}]}}