{"id":238,"date":"2014-03-10T11:43:19","date_gmt":"2014-03-10T10:43:19","guid":{"rendered":"http:\/\/lagenda.stgng.com\/?page_id=5"},"modified":"2024-04-16T15:21:22","modified_gmt":"2024-04-16T14:21:22","slug":"plateau-de-lissole","status":"publish","type":"page","link":"https:\/\/agenda.frejustoulon.fr\/plateaudelissole\/","title":{"rendered":"Paroisses de l&rsquo;Issole"},"content":{"rendered":"\r\n<h2>Retrouvez tous les \u00e9v\u00e9nements qui rythment la vie des \u00e9glises de Rocbaron, Forcalqueiret, Ste Anastasie sur Issole, Gar\u00e9oult, La Roquebrussanne, N\u00e9oules et Mazaugues<\/h2>\r\n<p><a href=\"http:\/\/paroissesissole.org\" target=\"_blank\" rel=\"noopener noreferrer\">Site des paroisses<\/a><\/p>\r\n","protected":false},"excerpt":{"rendered":"<p>Retrouvez tous les \u00e9v\u00e9nements qui rythment la vie des \u00e9glises de Rocbaron, Forcalqueiret, Ste Anastasie sur Issole, Gar\u00e9oult, La Roquebrussanne, N\u00e9oules et Mazaugues Site des paroisses<\/p>\n","protected":false},"author":2,"featured_media":2059,"parent":0,"menu_order":0,"comment_status":"closed","ping_status":"closed","template":"template\/template-home.php","meta":{"_acf_changed":false,"_seopress_robots_primary_cat":"","_seopress_titles_title":"","_seopress_titles_desc":"","_seopress_robots_index":"","_seopress_analysis_target_kw":"","inline_featured_image":false,"footnotes":""},"class_list":["post-238","page","type-page","status-publish","has-post-thumbnail","hentry"],"acf":[],"_links":{"self":[{"href":"https:\/\/agenda.frejustoulon.fr\/plateaudelissole\/wp-json\/wp\/v2\/pages\/238","targetHints":{"allow":["GET"]}}],"collection":[{"href":"https:\/\/agenda.frejustoulon.fr\/plateaudelissole\/wp-json\/wp\/v2\/pages"}],"about":[{"href":"https:\/\/agenda.frejustoulon.fr\/plateaudelissole\/wp-json\/wp\/v2\/types\/page"}],"author":[{"embeddable":true,"href":"https:\/\/agenda.frejustoulon.fr\/plateaudelissole\/wp-json\/wp\/v2\/users\/2"}],"replies":[{"embeddable":true,"href":"https:\/\/agenda.frejustoulon.fr\/plateaudelissole\/wp-json\/wp\/v2\/comments?post=238"}],"version-history":[{"count":1,"href":"https:\/\/agenda.frejustoulon.fr\/plateaudelissole\/wp-json\/wp\/v2\/pages\/238\/revisions"}],"predecessor-version":[{"id":2060,"href":"https:\/\/agenda.frejustoulon.fr\/plateaudelissole\/wp-json\/wp\/v2\/pages\/238\/revisions\/2060"}],"wp:featuredmedia":[{"embeddable":true,"href":"https:\/\/agenda.frejustoulon.fr\/plateaudelissole\/wp-json\/wp\/v2\/media\/2059"}],"wp:attachment":[{"href":"https:\/\/agenda.frejustoulon.fr\/plateaudelissole\/wp-json\/wp\/v2\/media?parent=238"}],"curies":[{"name":"wp","href":"https:\/\/api.w.org\/{rel}","templated":true}]}}